{"id":4954,"date":"2016-02-03T13:36:40","date_gmt":"2016-02-03T12:36:40","guid":{"rendered":"http:\/\/blog.stephaniewalter.fr\/?page_id=4954"},"modified":"2024-09-01T16:54:11","modified_gmt":"2024-09-01T14:54:11","slug":"articles-ailleurs-web","status":"publish","type":"page","link":"https:\/\/stephaniewalter.design\/fr\/articles-ailleurs-web\/","title":{"rendered":"Mes contenus (articles, podcasts) ailleurs sur le web"},"content":{"rendered":"\n<p>J&rsquo;\u00e9cris \u00e9galement&nbsp;<a title=\"Blog en anglais\" href=\"http:\/\/blog.stephaniewalter.fr\/en\/\" target=\"_blank\" rel=\"noopener noreferrer\">beaucoup en anglais&nbsp;<\/a>et je publie des articles sur diff\u00e9rents blogs. Vous trouverez ci-dessus une liste non exhaustive de mes articles ailleurs sur le web<\/p>\n\n\n\n<h2 class=\"wp-block-heading\">Podasts<\/h2>\n\n\n\n<ul class=\"wp-block-list\">\n<li><span data-offset-key=\"3tm6f-0-0\">Aout 2024: j&rsquo;ai \u00e9t\u00e9 invit\u00e9e dans le podcast\u00a0 du <a href=\"https:\/\/www.nngroup.com\/\">NN\/G podcast<\/a>. Avec Therese Fessenden de <\/span>pourquoi je me suis int\u00e9ress\u00e9 \u00e0 l&rsquo;accessibilit\u00e9, sur ce que cela signifie pour les UX designers et chercheurs. Nous d\u00e9mystifions aussi id\u00e9es fausses sur l&rsquo;accessibilit\u00e9, et discutons de comment rendre le design plus inclusif. Vous pouvez l&rsquo;\u00e9couter sur <span data-offset-key=\"3tm6f-0-0\"><a href=\"https:\/\/www.youtube.com\/watch?v=VgwitYuGP7Y\">YouTube<\/a> et quelques <a href=\"https:\/\/podcasters.spotify.com\/pod\/show\/nngroup\/episodes\/41--UX-Accessibility-and-Designing-for-Neurodiversity-feat--Stphanie-Walter-e2ng921\">autres plateformes <\/a>.<\/span><\/li>\n\n\n\n<li>Juillet 2023: <span data-slate-node=\"text\">J&rsquo;ai \u00e9t\u00e9 invit\u00e9e \u00e0 parler d&rsquo;accessibilit\u00e9 au podcast The Product Design Insights par Sarah Dabin. L&rsquo;\u00e9pisode est d\u00e9coup\u00e9 en 4 parties, les \u00e9pisodes sont disponibles sur Spotify: <a href=\"https:\/\/open.spotify.com\/episode\/6hmwN8Zh04eZK35RCkgYOP\">\u00e9pisode 1<\/a>, <a href=\"https:\/\/open.spotify.com\/episode\/0GagJnyCijalQhquxSDImX\">\u00e9pisode 2<\/a>, <a href=\"https:\/\/open.spotify.com\/episode\/2oViRlXiH7DSE7JvWTi33S\">\u00e9pisode 3<\/a> et <a href=\"https:\/\/open.spotify.com\/episode\/09rMeJqJqxGWDzy9t3Gq2u\">\u00e9pisode 4<\/a>.\u00a0 <\/span><span data-slate-node=\"text\">Les \u00e9pisodes sont \u00e9galement disponibles sur<a href=\"https:\/\/podcasts.apple.com\/us\/podcast\/the-product-design-insights-podcast\/id1673379023\"> Apple Podcast<\/a><\/span><\/li>\n\n\n\n<li>Juin 2023: <a href=\"https:\/\/podcast.designmasterclass.fr\/episode\/42\/design-pr%C3%A9jug%C3%A9s-concevoir-avec-ses-biais-cognitifs\">Design et pr\u00e9jug\u00e9s : concevoir avec ses biais cognitifs<\/a>, o\u00f9 je parle de biais cognitifs dans la conceptio et la recherche utilisateur<\/li>\n\n\n\n<li>Novembre 2022: j\u2019ai \u00e9t\u00e9 invit\u00e9e au <a href=\"https:\/\/designjourneys.fr\/stephanie-walter-maltem-consulting\/\">podcast Design Journeys<\/a> pour parler de ma carri\u00e8re et de mon travail de UX researcher et designer.<\/li>\n\n\n\n<li>Novembre 2022: j&rsquo;ai particip\u00e9 au podcast Delta CX avec Debbie Levitt sur YouTube, nous avons fait\u00a0 o\u00f9 nous d<a href=\"https:\/\/www.youtube.com\/watch?v=LWlOx8sa1uU\">un \u00e9pisode sp\u00e9cial Halloween<\/a>iscutons d&rsquo;histoires d&rsquo;horreurs et non \u00e9tiques qui nous sommes arriv\u00e9es \u00e0 nous, et \u00e0 la communaut\u00e9, dans nos m\u00e9tier d&rsquo;UX designer<\/li>\n\n\n\n<li>Octobre 2022: <a href=\"https:\/\/twitter.com\/JLWChambers\">Jack Chambers-Ward<\/a> a invit\u00e9 <a href=\"https:\/\/twitter.com\/myriamjessier\">Myriam Jessier<\/a> et moi \u00e0 son podcast SEO pour un \u00e9pisode \u00ab\u00a0<span lang=\"en\"><a hreflang=\"en\" href=\"https:\/\/withcandour.co.uk\/blog\/seo-horror-stories-halloween-spooktacular-2022-with-myriam-jessier-and-stephanie-walter\">SEO horror stories podcast<\/a><\/span>\u00ab\u00a0. J&rsquo;y raconte les histoire d&rsquo;horreurs des SEO pas tr\u00e8s \u00e9thiques qui tentent par tous les moyens d&rsquo;obtenir des liens sur mon blog.<\/li>\n\n\n\n<li>Mai 2022: j&rsquo;ai \u00e9t\u00e9 invit\u00e9e au podcast AXSChat pour parler d&rsquo;accessibilit\u00e9, \u00e9ducation et aider la communaut\u00e9. Vous pouvez voir la <a hreflang=\"en\" href=\"https:\/\/axschat.buzzsprout.com\/719037\/10692597?utm_source=swlinks-tw\">video<\/a> ou acc\u00e9der au <a hreflang=\"en\" href=\"https:\/\/axschat.buzzsprout.com\/719037\/10692597?utm_source=swlinks-tw\">transcript.<\/a> (contenu en anglais)<\/li>\n\n\n\n<li>May 2022: j&rsquo;ai discut\u00e9 de designer des interfaces pour des grues de chantier et comment cr\u00e9\u00e9er de la confiance avec les utilisateurs quand on design des interfaces m\u00e9tiers internes dans le podcast UXtweak. Disponible en anglais sur\u00a0 <a hreflang=\"en\" href=\"https:\/\/open.spotify.com\/episode\/7BGE7gi48UuwWHwBGrlpyP?si=bab17f9c043a4c0f&amp;nd=1&amp;utm_source=swlinks-tw\">Spotify<\/a>, <a hreflang=\"en\" href=\"https:\/\/podcasts.apple.com\/us\/podcast\/5-buidling-trust-in-enterprise-projects-st%C3%A9phanie-walter\/id1619307049?i=1000564622371&amp;utm_source=swlinks-tw\">Apple Podcast<\/a>, <a hreflang=\"en\" href=\"https:\/\/podcasts.google.com\/feed\/aHR0cHM6Ly9hbmNob3IuZm0vcy84ZjZmZGViOC9wb2RjYXN0L3Jzcw\/episode\/Nzc5OWIzN2QtMmNhMy00YzJjLThlODgtNzlmMWE3NjdiMTg0?sa=X&amp;ved=0CAUQkfYCahcKEwi4neOYqon4AhUAAAAAHQAAAAAQAQ&amp;utm_source=swlinks-tw\">Google Podcast<\/a> et dans un\u00a0 <a hreflang=\"en\" href=\"https:\/\/blog.uxtweak.com\/ux-geeks-transcript-stephanie-walter\/?utm_source=swlinks-tw\">transcript<\/a><\/li>\n\n\n\n<li>Octobre 12 2021: <span lang=\"en\">The World of UX with Darren Hood &#8212; <a hreflang=\"en\" href=\"https:\/\/open.spotify.com\/episode\/38p3sQiC6t0YeV9jOB25H1?utm_source=swlinks-tw\">Episode 74: Talkin&rsquo; Shop with St\u00e9phanie Walter<\/a><\/span> une discussion sur ma carri\u00e8re et l&rsquo;\u00e9tat de l&rsquo;UX design ces derniers temps chez Darren Hood<\/li>\n\n\n\n<li>October 16 2021: <a hreflang=\"en\" href=\"https:\/\/www.youtube.com\/watch?v=DT-cTUYX3Rk\"><span lang=\"en\">Ask me anything<\/span><\/a>\u00a0 une session de \u00ab\u00a0demandez-moi ce que vous voulez\u00a0\u00bb avec Debbie Levitt<\/li>\n\n\n\n<li>September 16 2021: <a hreflang=\"en\" href=\"https:\/\/www.youtube.com\/watch?v=lBsL8OJImq0&amp;t=1s\"><span lang=\"en\">A lens a Day #40<\/span><\/a>, un podcast sur l&rsquo;architecture d&rsquo;information avec Dan Brown o\u00f9 on discute de tableaux complexes \u00e0 beaucoup de colonnes, entre autre.<\/li>\n\n\n\n<li>July 2021: <span lang=\"en\"><a href=\"https:\/\/www.youtube.com\/watch?v=cvwI-SSXTjY\">Ep 117: Working in Enterprise UX<\/a><\/span>, un podcast o\u00f9 je parle d&rsquo;enterprise UX, \u00e0 savoir designer des outils business complexes pour des utilisatrices et utilisateurs en interne chez un client<\/li>\n\n\n\n<li>September 2020: <a href=\"https:\/\/www.youtube.com\/watch?v=DO3-6PSg66M&amp;t=160s\"><span lang=\"en\">Ep 75: Does Your Team Really Need CX\/UX Specialists?<\/span><\/a>\u00a0 tout le monde veut s&rsquo;improviser UX designer, mais est-ce une bonne id\u00e9e (non)<\/li>\n\n\n\n<li><span lang=\"en\"><a href=\"https:\/\/www.smashingmagazine.com\/2020\/02\/smashing-podcast-episode-9\/#comments-smashing-podcast-episode-9\">\u00ab\u00a0Ep 51: Surveys: Easy to Run, But There&rsquo;s a Catch\u00a0\u00bb.<\/a>\u00a0<\/span>Un podcast avec Debbie Levitt o\u00f9 l&rsquo;on parle des probl\u00e8mes d&rsquo;utiliser des enqu\u00eates et surveys en tant qu&rsquo;outil de recherche utilisateur. C&rsquo;\u00e9tait tr\u00e8s fun \u00e0 pr\u00e9parer et \u00e0 faire et nous vous avons m\u00eame fait pr\u00e9par\u00e9 un quizz sur les \u00ab\u00a0mauvais exemples d&rsquo;enqu\u00eates\u00a0\u00bb !<\/li>\n\n\n\n<li><a href=\"https:\/\/www.smashingmagazine.com\/2020\/02\/smashing-podcast-episode-9\/#comments-smashing-podcast-episode-9\">Smashing Podcast Episode 9 With St\u00e9phanie Walter: How Can I Work With UI Frameworks?<\/a> dans cet \u00e9pisode je parle de frameworks UI et comment construire un site ou une application centr\u00e9e utilisateur tout en utilisant des frameworks UI c\u00f4t\u00e9 d\u00e9veloppement<\/li>\n\n\n\n<li><a href=\"https:\/\/policyviz.com\/podcast\/episode-162-stephanie-walter\/\">PolicyViz- Episode #162: St\u00e9phanie Walter<\/a>, dans cet \u00e9pisode de parle d&rsquo;accessibilit\u00e9 des couleurs et de dataviz<\/li>\n\n\n\n<li><a href=\"https:\/\/a11yrules.com\/podcast\/e082-interview-with-stephanie-walter-part-1\/\">a11yrules E082 \u2013 Interview with Stephanie Walter \u2013 Part 1 &amp; 2<\/a>, un podcast en anglais o\u00f9 je parle d&rsquo;accessibilit\u00e9 et de design<\/li>\n\n\n\n<li><a href=\"https:\/\/soundcloud.com\/hannahsellam\/stephanie-finale-1\">H\u00e9misph\u00e8re droit<\/a>, un podcast sur comment je suis devenue UX designer, mon travail en tant que UX designer mais aussi la relation developer\/designer<\/li>\n\n\n\n<li><a href=\"https:\/\/responsivedesign.is\/podcasts\/rwd-podcast-61-stephanie-walter\/\">RWD Podcast #61 &#8211; This week we catch up with Stephanie Walter and hear about her approach to building a more responsive web<\/a>.<\/li>\n\n\n\n<li><a href=\"https:\/\/soundcloud.com\/hannahsellam\/stephanie-finale-1\">St\u00e9phanie Walter Senior UX Designer &amp; Mobile Expert<\/a> &#8211; J\u2019ai parl\u00e9 dans un podcast qui s\u2019appelle H\u00e9misph\u00e8re droit de mon m\u00e9tier d\u2019UX designer, comment j\u2019en suis arriv\u00e9e l\u00e0, ma formation, de tendances dans le design, d\u2019interfaces \u00e0 la voix, de dessin sur iPad, de comment les films fa\u00e7onnent nos attentes en terme d\u2019interfaces, etc.<\/li>\n<\/ul>\n\n\n\n<h2 class=\"wp-block-heading\">Interviews<\/h2>\n\n\n\n<ul class=\"wp-block-list\">\n<li><a href=\"https:\/\/accessibilite.public.lu\/fr\/news\/2023-07-10-interview-stephanie-walter.html\">\u00ab\u202fLes bonnes pratiques des d\u00e9veloppeurs rejaillissent sur l\u2019accessibilit\u00e9\u202f\u00bb<\/a>: j&rsquo;ai \u00e9t\u00e9 interview\u00e9e par le portail de l&rsquo;accessibilit\u00e9 num\u00e9rique. Nous avons discut\u00e9 de comment l&rsquo;accessibilit\u00e9 num\u00e9rique devient un imp\u00e9ratif pour bon nombre d&rsquo;entreprises et de l&rsquo;apparition d&rsquo;un nouveau charlatanisme maintenant que le sujet a pris un peu plus de visibilit\u00e9<\/li>\n\n\n\n<li><a href=\"https:\/\/wide.lu\/https-wide-lu-2020-04-28-stephanie-walter-lead-ux-designer-repond-a-nos-questions\/\">St\u00e9phanie Walter, Lead UX designer, r\u00e9pond \u00e0 nos questions !<\/a> une interview en fran\u00e7ais \u00e0 propos de mon m\u00e9tier, mon parcours et la place des femmes dans la tech<\/li>\n\n\n\n<li><a hreflang=\"en\" href=\"https:\/\/femstem.eu\/fr\/testimonials-fr\/testimonial-stephanie-walter\/\"><span lang=\"en\">Femstem: St\u00e9phanie Walter, Lead UX Designer at Maltem<\/span><\/a> une autre interview en anglais o\u00f9 je pr\u00e9sente mon m\u00e9tier<\/li>\n\n\n\n<li><span lang=\"en\"><a href=\"https:\/\/mailchi.mp\/responsivedesign\/406\"> RWD Weekly Newsletter<\/a><\/span>. Je parle des d\u00e9fis du responsive, de composants r\u00e9actifs dans diff\u00e9rents contextes, d&rsquo;optimisation au touch, etc.<\/li>\n\n\n\n<li><a href=\"https:\/\/www.buymeacoffee.com\/geekyreality\/stemstories-stephanie-ux-product-designer-luxembourg\"><span lang=\"en\">#STEMStories: St\u00e9phanie, UX and Product designer, Luxembourg<\/span><\/a><\/li>\n\n\n\n<li><a href=\"https:\/\/pixelpioneers.co\/blog\/2018\/speaker-spotlight-stephanie-walter\"><span lang=\"en\">Speaker Spotlight: St\u00e9phanie Walter on Perceived Performance<\/span> <\/a><\/li>\n\n\n\n<li><a href=\"https:\/\/www.techaheadcorp.com\/blog\/how-to-improve-mobile-app-user-experience\/\"><span lang=\"en\">Mobile UX: Tiny Screens, Big Adventures\u201d \u2013 Interview with a UX designer St\u00e9phanie Walter<\/span><\/a><\/li>\n<\/ul>\n\n\n\n<h2 class=\"wp-block-heading\">Les articles sur d&rsquo;autres blogs<\/h2>\n\n\n\n<h3 class=\"wp-block-heading\"><a href=\"https:\/\/the-pastry-box-project.net\/\"><span lang=\"en\">Pastry Box Project<\/span><\/a><\/h3>\n\n\n\n<ul class=\"wp-block-list\">\n<li><a href=\"https:\/\/the-pastry-box-project.net\/stephanie-walter\/2018-february-12\"><span lang=\"en\">Hello, my name is St\u00e9phanie<\/span><\/a><\/li>\n\n\n\n<li><a href=\"https:\/\/the-pastry-box-project.net\/stephanie-walter\/2018-april-10\"><span lang=\"en\">Making it pretty will not make it usable<\/span><\/a><\/li>\n\n\n\n<li><a href=\"https:\/\/superyesmore.com\/bing-wizz-boing-please-just-make-all-the-noise-stop-f66b2cd2a0618cfb269f89fcb05bbcda\"><span lang=\"en\">Bing, wizz, boing, please just make all the noise stop.<\/span><\/a><\/li>\n<\/ul>\n\n\n\n<h3 class=\"wp-block-heading\"><a href=\"http:\/\/mobile.smashingmagazine.com\/author\/stephanie-walter\/?rel=author\" target=\"_blank\" rel=\"noopener noreferrer\"><span lang=\"en\">Smashing Magazine<\/span><\/a><\/h3>\n\n\n\n<ul class=\"wp-block-list\">\n<li><a href=\"https:\/\/www.smashingmagazine.com\/2018\/08\/ux-html5-mobile-form-part-1\/\"><span lang=\"en\">UX And HTML5: Let\u2019s Help Users Fill In Your Mobile Form (Part 1)<\/span><\/a><\/li>\n\n\n\n<li><a href=\"https:\/\/www.smashingmagazine.com\/2018\/08\/ux-html5-mobile-form-part-2\/\"><span lang=\"en\">UX And HTML5: Let\u2019s Help Users Fill In Your Mobile Form (Part 2)<\/span><\/a><\/li>\n\n\n\n<li><a href=\"https:\/\/www.smashingmagazine.com\/2016\/12\/the-not-so-secret-powers-of-the-mobile-browser\/\"><span lang=\"en\">The (Not So) Secret Powers Of The Mobile Browser<\/span><\/a><\/li>\n\n\n\n<li><a href=\"http:\/\/mobile.smashingmagazine.com\/2013\/05\/29\/the-state-of-responsive-web-design\/\" target=\"_blank\" rel=\"noopener noreferrer\"><span lang=\"en\">The State Of Responsive Web Design<\/span><\/a><\/li>\n<\/ul>\n\n\n\n<h3 class=\"wp-block-heading\"><a href=\"http:\/\/tympanus.net\/codrops\/author\/stephanie\/\" target=\"_blank\" rel=\"noopener noreferrer\"><span lang=\"en\">Codrops<\/span><\/a><\/h3>\n\n\n\n<ul class=\"wp-block-list\">\n<li><a href=\"http:\/\/tympanus.net\/codrops\/2013\/05\/08\/responsive-retina-ready-menu\/\" target=\"_blank\" rel=\"noopener noreferrer\"><span lang=\"en\">Responsive Retina-Ready Menu<\/span><\/a><\/li>\n\n\n\n<li><a href=\"http:\/\/tympanus.net\/codrops\/2012\/03\/27\/login-and-registration-form-with-html5-and-css3\/\" target=\"_blank\" rel=\"noopener noreferrer\"><span lang=\"en\">Login and Registration Form with HTML5 and CSS3<\/span>\u00a0<\/a><\/li>\n<\/ul>\n\n\n\n<h3 class=\"wp-block-heading\"><a href=\"http:\/\/www.onextrapixel.com\/author\/stephanie-walter\/\" target=\"_blank\" rel=\"noopener noreferrer\"><span lang=\"en\">Onextrapixel<\/span><\/a><\/h3>\n\n\n\n<ul class=\"wp-block-list\">\n<li><a href=\"http:\/\/www.onextrapixel.com\/2013\/08\/20\/mobile-design-where-to-get-inspiration\/\" target=\"_blank\" rel=\"noopener noreferrer\"><span lang=\"en\">Mobile Design: Where to Get Inspiration<\/span><\/a><\/li>\n\n\n\n<li><a href=\"http:\/\/www.onextrapixel.com\/2012\/12\/11\/iphone-app-design-workflow-with-devrocket-plus-giveaway\/\" target=\"_blank\" rel=\"noopener noreferrer\"><span lang=\"en\">iPhone App Design Workflow with DevRocket, Plus Giveaway<\/span><\/a><\/li>\n\n\n\n<li><a href=\"http:\/\/www.onextrapixel.com\/2012\/04\/23\/responsive-web-design-layouts-and-media-queries\/\" target=\"_blank\" rel=\"noopener noreferrer\"><span lang=\"en\">Responsive Web Design: Layouts and Media Queries<\/span><\/a><\/li>\n\n\n\n<li><a href=\"http:\/\/www.onextrapixel.com\/2012\/01\/23\/full-css3-html5-contact-form-with-no-images\/\" target=\"_blank\" rel=\"noopener noreferrer\"><span lang=\"en\">Full CSS3 HTML5 Contact Form with No Images<\/span><\/a><\/li>\n\n\n\n<li><a href=\"http:\/\/www.onextrapixel.com\/2011\/08\/08\/8-photoshop-tricks-i-wish-i-knew-when-i-was-a-student\/\" target=\"_blank\" rel=\"noopener noreferrer\"><span lang=\"en\">8 Photoshop Tricks I Wish I Knew When I Was a Student<\/span><\/a><\/li>\n\n\n\n<li><a href=\"http:\/\/www.onextrapixel.com\/2013\/01\/07\/adobe-photoshop-cs6-new-round-of-tips-and-tricks\/\"><span lang=\"en\">Adobe Photoshop CS6 New Round of Tips and Tricks<\/span><\/a><\/li>\n\n\n\n<li><a href=\"http:\/\/www.onextrapixel.com\/2011\/12\/28\/10-tips-to-improve-your-workflow-and-work-faster-in-illustrator\/\"><span lang=\"en\">10 Tips to Improve Your Workflow and Work Faster in Illustrator<\/span><\/a><\/li>\n<\/ul>\n\n\n\n<h3 class=\"wp-block-heading\"><span lang=\"en\"><a href=\"http:\/\/www.noupe.com\/author\/stephanie-walter\" target=\"_blank\" rel=\"noopener noreferrer\">Noupe<\/a><\/span><\/h3>\n\n\n\n<ul class=\"wp-block-list\">\n<li><span lang=\"en\"><a href=\"http:\/\/www.noupe.com\/tutorial\/svg-clickable-71346.html\">Ways to embed a Clickable SVG-Logo into Your Website<\/a><\/span><\/li>\n\n\n\n<li><span lang=\"en\"><a href=\"http:\/\/www.noupe.com\/tutorial\/jquery-mobile-tutorial-creating-a-restaurant-picker-web-app.html\">jQuery Mobile Tutorial: Creating a Restaurant Picker Web App<\/a><\/span><\/li>\n<\/ul>\n\n\n\n<h3 class=\"wp-block-heading\"><a href=\"http:\/\/www.alsacreations.com\/profil\/lire\/29058-stphanie-w.html\" target=\"_blank\" rel=\"noopener noreferrer\">Alsacr\u00e9ations<\/a><\/h3>\n\n\n\n<ul class=\"wp-block-list\">\n<li><a title=\"Un logo cliquable SVG avec alternatives\" href=\"http:\/\/www.alsacreations.com\/tuto\/lire\/1602-reduire-le-poids-image-svg-illustrator.html\">R\u00e9duire le poids d&rsquo;une image SVG : d&rsquo;Illustrator \u00e0 l&rsquo;export final<\/a><\/li>\n\n\n\n<li><a title=\"Un logo cliquable SVG avec alternatives\" href=\"http:\/\/www.alsacreations.com\/tuto\/lire\/1482-un-logo-cliquable-svg-avec-alternatives.html\">Un logo cliquable SVG avec alternatives<\/a><\/li>\n\n\n\n<li><a title=\"Responsive Webdesign \u2013 pr\u00e9sent et futur de l\u2019adaptation mobile\" href=\"http:\/\/www.alsacreations.com\/article\/lire\/1559-responsive-web-design-present-futur-adaptation-mobile.html\">Responsive Webdesign \u2013 pr\u00e9sent et futur de l\u2019adaptation mobile<\/a><\/li>\n\n\n\n<li><a title=\"Cr\u00e9er une police d\u2019ic\u00f4nes facilement \u00e0 partir d\u2019illustrations vectorielles\" href=\"http:\/\/www.alsacreations.com\/tuto\/lire\/1547-police-font-icone-vectorielle-webdesign.html\">Cr\u00e9er une police d\u2019ic\u00f4nes facilement \u00e0 partir d\u2019illustrations vectorielles<\/a><\/li>\n<\/ul>\n\n\n\n<h2 class=\"wp-block-heading\">Billets de blog invit\u00e9e<\/h2>\n\n\n\n<ul class=\"wp-block-list\">\n<li><a href=\"http:\/\/www.24joursdeweb.fr\/2013\/prototype-et-style-tile\/\">Prototype et style tile<\/a><\/li>\n\n\n\n<li><a href=\"http:\/\/www.24joursdeweb.fr\/2014\/guerilla-design-en-milieu-responsive-et-mobile\/\">Gu\u00e9rilla design en milieu responsive et mobile<\/a><\/li>\n<\/ul>\n","protected":false},"excerpt":{"rendered":"<p>J&rsquo;\u00e9cris \u00e9galement&nbsp;beaucoup en anglais&nbsp;et je publie des articles sur diff\u00e9rents blogs. Vous trouverez ci-dessus une liste non exhaustive de mes articles ailleurs sur le web Podasts Interviews Les articles sur d&rsquo;autres blogs Pastry Box Project Smashing Magazine Codrops Onextrapixel Noupe Alsacr\u00e9ations Billets de blog invit\u00e9e<\/p>\n","protected":false},"author":3,"featured_media":0,"parent":0,"menu_order":0,"comment_status":"closed","ping_status":"closed","template":"","meta":{"_acf_changed":false,"footnotes":""},"class_list":["post-4954","page","type-page","status-publish","hentry"],"yoast_head":"<!-- This site is optimized with the Yoast SEO plugin v26.5 - https:\/\/yoast.com\/wordpress\/plugins\/seo\/ -->\n<title>Mes contenus (articles, podcasts) ailleurs sur le web - par St\u00e9phanie Walter - UX Researcher &amp; Designer<\/title>\n<meta name=\"robots\" content=\"index, follow, max-snippet:-1, max-image-preview:large, max-video-preview:-1\" \/>\n<link rel=\"canonical\" href=\"https:\/\/stephaniewalter.design\/fr\/articles-ailleurs-web\/\" \/>\n<meta property=\"og:locale\" content=\"fr_FR\" \/>\n<meta property=\"og:type\" content=\"article\" \/>\n<meta property=\"og:title\" content=\"Mes contenus (articles, podcasts) ailleurs sur le web - par St\u00e9phanie Walter - UX Researcher &amp; Designer\" \/>\n<meta property=\"og:description\" content=\"J&rsquo;\u00e9cris \u00e9galement&nbsp;beaucoup en anglais&nbsp;et je publie des articles sur diff\u00e9rents blogs. Vous trouverez ci-dessus une liste non exhaustive de mes articles ailleurs sur le web Podasts Interviews Les articles sur d&rsquo;autres blogs Pastry Box Project Smashing Magazine Codrops Onextrapixel Noupe Alsacr\u00e9ations Billets de blog invit\u00e9e\" \/>\n<meta property=\"og:url\" content=\"https:\/\/stephaniewalter.design\/fr\/articles-ailleurs-web\/\" \/>\n<meta property=\"og:site_name\" content=\"St\u00e9phanie Walter - Senior UX designer, experte mobile, conf\u00e9rences et articles.\" \/>\n<meta property=\"article:modified_time\" content=\"2024-09-01T14:54:11+00:00\" \/>\n<meta property=\"og:image\" content=\"https:\/\/stephaniewalter.design\/wp-content\/blogs.dir\/2\/files\/2019\/05\/og-image-product.jpg\" \/>\n\t<meta property=\"og:image:width\" content=\"1200\" \/>\n\t<meta property=\"og:image:height\" content=\"627\" \/>\n\t<meta property=\"og:image:type\" content=\"image\/jpeg\" \/>\n<meta name=\"twitter:card\" content=\"summary_large_image\" \/>\n<meta name=\"twitter:site\" content=\"@walterstephanie\" \/>\n<meta name=\"twitter:label1\" content=\"Dur\u00e9e de lecture estim\u00e9e\" \/>\n\t<meta name=\"twitter:data1\" content=\"6 minutes\" \/>\n<script type=\"application\/ld+json\" class=\"yoast-schema-graph\">{\"@context\":\"https:\/\/schema.org\",\"@graph\":[{\"@type\":\"WebPage\",\"@id\":\"https:\/\/stephaniewalter.design\/fr\/articles-ailleurs-web\/\",\"url\":\"https:\/\/stephaniewalter.design\/fr\/articles-ailleurs-web\/\",\"name\":\"Mes contenus (articles, podcasts) ailleurs sur le web - par St\u00e9phanie Walter - UX Researcher & Designer\",\"isPartOf\":{\"@id\":\"https:\/\/stephaniewalter.design\/fr\/#website\"},\"datePublished\":\"2016-02-03T12:36:40+00:00\",\"dateModified\":\"2024-09-01T14:54:11+00:00\",\"inLanguage\":\"fr-FR\",\"potentialAction\":[{\"@type\":\"ReadAction\",\"target\":[\"https:\/\/stephaniewalter.design\/fr\/articles-ailleurs-web\/\"]}]},{\"@type\":\"WebSite\",\"@id\":\"https:\/\/stephaniewalter.design\/fr\/#website\",\"url\":\"https:\/\/stephaniewalter.design\/fr\/\",\"name\":\"St\u00e9phanie Walter - Senior UX designer, experte mobile, conf\u00e9rences et articles.\",\"description\":\"Je partage ici mes conseils, mes ressources et outils sur la conception centr\u00e9e utilisateur, la recherche et tests utilisateur, le design de produits, la strat\u00e9gie mobile, l&#039;utilisabilit\u00e9 et l&#039;accessibilit\u00e9.\",\"potentialAction\":[{\"@type\":\"SearchAction\",\"target\":{\"@type\":\"EntryPoint\",\"urlTemplate\":\"https:\/\/stephaniewalter.design\/fr\/?s={search_term_string}\"},\"query-input\":{\"@type\":\"PropertyValueSpecification\",\"valueRequired\":true,\"valueName\":\"search_term_string\"}}],\"inLanguage\":\"fr-FR\"}]}<\/script>\n<!-- \/ Yoast SEO plugin. -->","yoast_head_json":{"title":"Mes contenus (articles, podcasts) ailleurs sur le web - par St\u00e9phanie Walter - UX Researcher & Designer","robots":{"index":"index","follow":"follow","max-snippet":"max-snippet:-1","max-image-preview":"max-image-preview:large","max-video-preview":"max-video-preview:-1"},"canonical":"https:\/\/stephaniewalter.design\/fr\/articles-ailleurs-web\/","og_locale":"fr_FR","og_type":"article","og_title":"Mes contenus (articles, podcasts) ailleurs sur le web - par St\u00e9phanie Walter - UX Researcher & Designer","og_description":"J&rsquo;\u00e9cris \u00e9galement&nbsp;beaucoup en anglais&nbsp;et je publie des articles sur diff\u00e9rents blogs. Vous trouverez ci-dessus une liste non exhaustive de mes articles ailleurs sur le web Podasts Interviews Les articles sur d&rsquo;autres blogs Pastry Box Project Smashing Magazine Codrops Onextrapixel Noupe Alsacr\u00e9ations Billets de blog invit\u00e9e","og_url":"https:\/\/stephaniewalter.design\/fr\/articles-ailleurs-web\/","og_site_name":"St\u00e9phanie Walter - Senior UX designer, experte mobile, conf\u00e9rences et articles.","article_modified_time":"2024-09-01T14:54:11+00:00","og_image":[{"width":1200,"height":627,"url":"https:\/\/stephaniewalter.design\/wp-content\/blogs.dir\/2\/files\/2019\/05\/og-image-product.jpg","type":"image\/jpeg"}],"twitter_card":"summary_large_image","twitter_site":"@walterstephanie","twitter_misc":{"Dur\u00e9e de lecture estim\u00e9e":"6 minutes"},"schema":{"@context":"https:\/\/schema.org","@graph":[{"@type":"WebPage","@id":"https:\/\/stephaniewalter.design\/fr\/articles-ailleurs-web\/","url":"https:\/\/stephaniewalter.design\/fr\/articles-ailleurs-web\/","name":"Mes contenus (articles, podcasts) ailleurs sur le web - par St\u00e9phanie Walter - UX Researcher & Designer","isPartOf":{"@id":"https:\/\/stephaniewalter.design\/fr\/#website"},"datePublished":"2016-02-03T12:36:40+00:00","dateModified":"2024-09-01T14:54:11+00:00","inLanguage":"fr-FR","potentialAction":[{"@type":"ReadAction","target":["https:\/\/stephaniewalter.design\/fr\/articles-ailleurs-web\/"]}]},{"@type":"WebSite","@id":"https:\/\/stephaniewalter.design\/fr\/#website","url":"https:\/\/stephaniewalter.design\/fr\/","name":"St\u00e9phanie Walter - Senior UX designer, experte mobile, conf\u00e9rences et articles.","description":"Je partage ici mes conseils, mes ressources et outils sur la conception centr\u00e9e utilisateur, la recherche et tests utilisateur, le design de produits, la strat\u00e9gie mobile, l&#039;utilisabilit\u00e9 et l&#039;accessibilit\u00e9.","potentialAction":[{"@type":"SearchAction","target":{"@type":"EntryPoint","urlTemplate":"https:\/\/stephaniewalter.design\/fr\/?s={search_term_string}"},"query-input":{"@type":"PropertyValueSpecification","valueRequired":true,"valueName":"search_term_string"}}],"inLanguage":"fr-FR"}]}},"acf":[],"_links":{"self":[{"href":"https:\/\/stephaniewalter.design\/fr\/wp-json\/wp\/v2\/pages\/4954","targetHints":{"allow":["GET"]}}],"collection":[{"href":"https:\/\/stephaniewalter.design\/fr\/wp-json\/wp\/v2\/pages"}],"about":[{"href":"https:\/\/stephaniewalter.design\/fr\/wp-json\/wp\/v2\/types\/page"}],"author":[{"embeddable":true,"href":"https:\/\/stephaniewalter.design\/fr\/wp-json\/wp\/v2\/users\/3"}],"replies":[{"embeddable":true,"href":"https:\/\/stephaniewalter.design\/fr\/wp-json\/wp\/v2\/comments?post=4954"}],"version-history":[{"count":9,"href":"https:\/\/stephaniewalter.design\/fr\/wp-json\/wp\/v2\/pages\/4954\/revisions"}],"predecessor-version":[{"id":8596,"href":"https:\/\/stephaniewalter.design\/fr\/wp-json\/wp\/v2\/pages\/4954\/revisions\/8596"}],"wp:attachment":[{"href":"https:\/\/stephaniewalter.design\/fr\/wp-json\/wp\/v2\/media?parent=4954"}],"curies":[{"name":"wp","href":"https:\/\/api.w.org\/{rel}","templated":true}]}}