{"id":7665,"date":"2020-04-05T15:05:47","date_gmt":"2020-04-05T13:05:47","guid":{"rendered":"https:\/\/stephaniewalter.design\/fr\/?page_id=7665"},"modified":"2025-08-14T10:12:35","modified_gmt":"2025-08-14T08:12:35","slug":"newsletter","status":"publish","type":"page","link":"https:\/\/stephaniewalter.design\/fr\/newsletter\/","title":{"rendered":"S&rsquo;inscrire \u00e0 la Newsletter"},"content":{"rendered":"<p class=\"newsletter\">Restez inform\u00e9 lorsque je publie du nouveau contenu ! Rejoignez les 1600+ abonn\u00e9s qui veulent apprendre et devenir de meilleurs designers. Recevez ma veille, dans votre boite mail, dans les domaines de la recherche utilisateur, du design, de l&rsquo;accessibilit\u00e9, du front-end. D\u00e9couvrez des outils, des ressources et de nouvelles sources d&rsquo;inspiration :<\/p>\n<p>Ce qui vous attend :<\/p>\n<ul>\n<li>Tous les lundis (sauf quand je suis en vacances, haha), vous recevrez mon r\u00e9sum\u00e9 hebdomadaire de contenu UX, design et tech <a href=\"https:\/\/stephaniewalter.design\/blog\/category\/useful-links\/\">\u201c<strong>Pixel of the Weeks<\/strong><\/a>\u201d. J&rsquo;envoie l&rsquo;int\u00e9gralit\u00e9 du contenu de ces articles dans l&#8217;email pour que vous puissiez le conserver pour le lire plus tard.<\/li>\n<li>Lorsque je publie <strong>un nouvel article<\/strong>, vous recevez un r\u00e9sum\u00e9 et une notification avec un lien vers l&rsquo;article complet mon blog. C&rsquo;est un bon moyen de s&rsquo;assurer que vous ne manquez aucun contenu.<\/li>\n<li>J&rsquo;envoie parfois des coupons pour <a href=\"https:\/\/shop.stephaniewalter.design\/ressources-templates-ux-francais?utm-source=swblog\">ma boutique<\/a>. Lorsque je publie une nouvelle ressource, les abonn\u00e9s en sont inform\u00e9s et re\u00e7oivent un code promo de lancement.<\/li>\n<li>J&rsquo;envoie enfin aussi des ressources exclusives et des r\u00e9ductions pour des \u00e9v\u00e9nements et des ateliers organis\u00e9s par d&rsquo;autres personnes tout au long de l&rsquo;ann\u00e9e. <em>(d&rsquo;ailleurs, si vous souhaitez faire un partenariat avec ma newsletter pour proposer des contenus \u00e0 mes lectrices et lecteurs, <a href=\"#contact\">contactez moi<\/a>)<\/em><\/li>\n<\/ul>\n<p>En vous inscrivant, par d\u00e9faut, vous recevrez les contenus anglais (environ 5 par mois) et fran\u00e7ais (2 ou 3 par an maximum).\u00a0 Si vous ne souhaitez que le fran\u00e7ais, vous pouvez entrer \u00ab\u00a0FR\u00a0\u00bb dans le champ pr\u00e9vu \u00e0 cet effet.<\/p>\n<p>Je ne communiquerai pas votre adresse \u00e9lectronique \u00e0 des parties tierces et vous pouvez vous d\u00e9sabonner \u00e0 tout moment.<\/p>\n<p><em><small>PS : il devrait y avoir un bloc g\u00e9ant avec un formulaire d&rsquo;abonnement sous ce contenu. Si vous ne l&rsquo;avez pas, v\u00e9rifiez que votre bloqueur de publicit\u00e9s ne l&rsquo;a pas supprim\u00e9 (cela arrive parfois).<\/small><\/em><\/p>\n","protected":false},"excerpt":{"rendered":"<p>Restez inform\u00e9 lorsque je publie du nouveau contenu ! Rejoignez les 1600+ abonn\u00e9s qui veulent apprendre et devenir de meilleurs designers. Recevez ma veille, dans votre boite mail, dans les domaines de la recherche utilisateur, du design, de l&rsquo;accessibilit\u00e9, du front-end. D\u00e9couvrez des outils, des ressources et de nouvelles sources d&rsquo;inspiration : Ce qui vous attend : Tous les lundis (sauf quand je suis en vacances, haha), vous recevrez mon r\u00e9sum\u00e9 hebdomadaire de contenu UX, design et tech \u201cPixel of &hellip;<\/p>\n","protected":false},"author":3,"featured_media":8655,"parent":0,"menu_order":0,"comment_status":"closed","ping_status":"closed","template":"template-newsletter.php","meta":{"_acf_changed":false,"footnotes":""},"class_list":["post-7665","page","type-page","status-publish","has-post-thumbnail","hentry"],"yoast_head":"<!-- This site is optimized with the Yoast SEO plugin v26.5 - https:\/\/yoast.com\/wordpress\/plugins\/seo\/ -->\n<title>S&#039;inscrire \u00e0 la Newsletter - par St\u00e9phanie Walter - UX Researcher &amp; Designer<\/title>\n<meta name=\"description\" content=\"Ressources, outils, m\u00e9thodes et inspirations UX, Design, Accessibilit\u00e9 &amp; Tech (en anglais). Avec une touche de fun geek !Et une alerte \u00e0 chaque nouvel article.\" \/>\n<meta name=\"robots\" content=\"index, follow, max-snippet:-1, max-image-preview:large, max-video-preview:-1\" \/>\n<link rel=\"canonical\" href=\"https:\/\/stephaniewalter.design\/fr\/newsletter\/\" \/>\n<meta property=\"og:locale\" content=\"fr_FR\" \/>\n<meta property=\"og:type\" content=\"article\" \/>\n<meta property=\"og:title\" content=\"S&#039;inscrire \u00e0 la Newsletter - par St\u00e9phanie Walter - UX Researcher &amp; Designer\" \/>\n<meta property=\"og:description\" content=\"Ressources, outils, m\u00e9thodes et inspirations UX, Design, Accessibilit\u00e9 &amp; Tech (en anglais). Avec une touche de fun geek !Et une alerte \u00e0 chaque nouvel article.\" \/>\n<meta property=\"og:url\" content=\"https:\/\/stephaniewalter.design\/fr\/newsletter\/\" \/>\n<meta property=\"og:site_name\" content=\"St\u00e9phanie Walter - Senior UX designer, experte mobile, conf\u00e9rences et articles.\" \/>\n<meta property=\"article:modified_time\" content=\"2025-08-14T08:12:35+00:00\" \/>\n<meta property=\"og:image\" content=\"https:\/\/stephaniewalter.design\/wp-content\/blogs.dir\/2\/files\/2025\/08\/Newsletter-og-2025FR.jpg\" \/>\n\t<meta property=\"og:image:width\" content=\"1200\" \/>\n\t<meta property=\"og:image:height\" content=\"630\" \/>\n\t<meta property=\"og:image:type\" content=\"image\/jpeg\" \/>\n<meta name=\"twitter:card\" content=\"summary_large_image\" \/>\n<meta name=\"twitter:image\" content=\"https:\/\/stephaniewalter.design\/wp-content\/blogs.dir\/2\/files\/2025\/08\/Newsletter-og-2025FR.jpg\" \/>\n<meta name=\"twitter:site\" content=\"@walterstephanie\" \/>\n<meta name=\"twitter:label1\" content=\"Dur\u00e9e de lecture estim\u00e9e\" \/>\n\t<meta name=\"twitter:data1\" content=\"1 minute\" \/>\n<script type=\"application\/ld+json\" class=\"yoast-schema-graph\">{\"@context\":\"https:\/\/schema.org\",\"@graph\":[{\"@type\":\"WebPage\",\"@id\":\"https:\/\/stephaniewalter.design\/fr\/newsletter\/\",\"url\":\"https:\/\/stephaniewalter.design\/fr\/newsletter\/\",\"name\":\"S'inscrire \u00e0 la Newsletter - par St\u00e9phanie Walter - UX Researcher & Designer\",\"isPartOf\":{\"@id\":\"https:\/\/stephaniewalter.design\/fr\/#website\"},\"primaryImageOfPage\":{\"@id\":\"https:\/\/stephaniewalter.design\/fr\/newsletter\/#primaryimage\"},\"image\":{\"@id\":\"https:\/\/stephaniewalter.design\/fr\/newsletter\/#primaryimage\"},\"thumbnailUrl\":\"https:\/\/stephaniewalter.design\/fr\/files\/2025\/08\/Newsletter-og-2025FR.jpg\",\"datePublished\":\"2020-04-05T13:05:47+00:00\",\"dateModified\":\"2025-08-14T08:12:35+00:00\",\"description\":\"Ressources, outils, m\u00e9thodes et inspirations UX, Design, Accessibilit\u00e9 & Tech (en anglais). Avec une touche de fun geek !Et une alerte \u00e0 chaque nouvel article.\",\"inLanguage\":\"fr-FR\",\"potentialAction\":[{\"@type\":\"ReadAction\",\"target\":[\"https:\/\/stephaniewalter.design\/fr\/newsletter\/\"]}]},{\"@type\":\"ImageObject\",\"inLanguage\":\"fr-FR\",\"@id\":\"https:\/\/stephaniewalter.design\/fr\/newsletter\/#primaryimage\",\"url\":\"https:\/\/stephaniewalter.design\/fr\/files\/2025\/08\/Newsletter-og-2025FR.jpg\",\"contentUrl\":\"https:\/\/stephaniewalter.design\/fr\/files\/2025\/08\/Newsletter-og-2025FR.jpg\",\"width\":1200,\"height\":630},{\"@type\":\"WebSite\",\"@id\":\"https:\/\/stephaniewalter.design\/fr\/#website\",\"url\":\"https:\/\/stephaniewalter.design\/fr\/\",\"name\":\"St\u00e9phanie Walter - Senior UX designer, experte mobile, conf\u00e9rences et articles.\",\"description\":\"Je partage ici mes conseils, mes ressources et outils sur la conception centr\u00e9e utilisateur, la recherche et tests utilisateur, le design de produits, la strat\u00e9gie mobile, l&#039;utilisabilit\u00e9 et l&#039;accessibilit\u00e9.\",\"potentialAction\":[{\"@type\":\"SearchAction\",\"target\":{\"@type\":\"EntryPoint\",\"urlTemplate\":\"https:\/\/stephaniewalter.design\/fr\/?s={search_term_string}\"},\"query-input\":{\"@type\":\"PropertyValueSpecification\",\"valueRequired\":true,\"valueName\":\"search_term_string\"}}],\"inLanguage\":\"fr-FR\"}]}<\/script>\n<!-- \/ Yoast SEO plugin. -->","yoast_head_json":{"title":"S'inscrire \u00e0 la Newsletter - par St\u00e9phanie Walter - UX Researcher & Designer","description":"Ressources, outils, m\u00e9thodes et inspirations UX, Design, Accessibilit\u00e9 & Tech (en anglais). Avec une touche de fun geek !Et une alerte \u00e0 chaque nouvel article.","robots":{"index":"index","follow":"follow","max-snippet":"max-snippet:-1","max-image-preview":"max-image-preview:large","max-video-preview":"max-video-preview:-1"},"canonical":"https:\/\/stephaniewalter.design\/fr\/newsletter\/","og_locale":"fr_FR","og_type":"article","og_title":"S'inscrire \u00e0 la Newsletter - par St\u00e9phanie Walter - UX Researcher & Designer","og_description":"Ressources, outils, m\u00e9thodes et inspirations UX, Design, Accessibilit\u00e9 & Tech (en anglais). Avec une touche de fun geek !Et une alerte \u00e0 chaque nouvel article.","og_url":"https:\/\/stephaniewalter.design\/fr\/newsletter\/","og_site_name":"St\u00e9phanie Walter - Senior UX designer, experte mobile, conf\u00e9rences et articles.","article_modified_time":"2025-08-14T08:12:35+00:00","og_image":[{"width":1200,"height":630,"url":"https:\/\/stephaniewalter.design\/wp-content\/blogs.dir\/2\/files\/2025\/08\/Newsletter-og-2025FR.jpg","type":"image\/jpeg"}],"twitter_card":"summary_large_image","twitter_image":"https:\/\/stephaniewalter.design\/wp-content\/blogs.dir\/2\/files\/2025\/08\/Newsletter-og-2025FR.jpg","twitter_site":"@walterstephanie","twitter_misc":{"Dur\u00e9e de lecture estim\u00e9e":"1 minute"},"schema":{"@context":"https:\/\/schema.org","@graph":[{"@type":"WebPage","@id":"https:\/\/stephaniewalter.design\/fr\/newsletter\/","url":"https:\/\/stephaniewalter.design\/fr\/newsletter\/","name":"S'inscrire \u00e0 la Newsletter - par St\u00e9phanie Walter - UX Researcher & Designer","isPartOf":{"@id":"https:\/\/stephaniewalter.design\/fr\/#website"},"primaryImageOfPage":{"@id":"https:\/\/stephaniewalter.design\/fr\/newsletter\/#primaryimage"},"image":{"@id":"https:\/\/stephaniewalter.design\/fr\/newsletter\/#primaryimage"},"thumbnailUrl":"https:\/\/stephaniewalter.design\/fr\/files\/2025\/08\/Newsletter-og-2025FR.jpg","datePublished":"2020-04-05T13:05:47+00:00","dateModified":"2025-08-14T08:12:35+00:00","description":"Ressources, outils, m\u00e9thodes et inspirations UX, Design, Accessibilit\u00e9 & Tech (en anglais). Avec une touche de fun geek !Et une alerte \u00e0 chaque nouvel article.","inLanguage":"fr-FR","potentialAction":[{"@type":"ReadAction","target":["https:\/\/stephaniewalter.design\/fr\/newsletter\/"]}]},{"@type":"ImageObject","inLanguage":"fr-FR","@id":"https:\/\/stephaniewalter.design\/fr\/newsletter\/#primaryimage","url":"https:\/\/stephaniewalter.design\/fr\/files\/2025\/08\/Newsletter-og-2025FR.jpg","contentUrl":"https:\/\/stephaniewalter.design\/fr\/files\/2025\/08\/Newsletter-og-2025FR.jpg","width":1200,"height":630},{"@type":"WebSite","@id":"https:\/\/stephaniewalter.design\/fr\/#website","url":"https:\/\/stephaniewalter.design\/fr\/","name":"St\u00e9phanie Walter - Senior UX designer, experte mobile, conf\u00e9rences et articles.","description":"Je partage ici mes conseils, mes ressources et outils sur la conception centr\u00e9e utilisateur, la recherche et tests utilisateur, le design de produits, la strat\u00e9gie mobile, l&#039;utilisabilit\u00e9 et l&#039;accessibilit\u00e9.","potentialAction":[{"@type":"SearchAction","target":{"@type":"EntryPoint","urlTemplate":"https:\/\/stephaniewalter.design\/fr\/?s={search_term_string}"},"query-input":{"@type":"PropertyValueSpecification","valueRequired":true,"valueName":"search_term_string"}}],"inLanguage":"fr-FR"}]}},"acf":[],"_links":{"self":[{"href":"https:\/\/stephaniewalter.design\/fr\/wp-json\/wp\/v2\/pages\/7665","targetHints":{"allow":["GET"]}}],"collection":[{"href":"https:\/\/stephaniewalter.design\/fr\/wp-json\/wp\/v2\/pages"}],"about":[{"href":"https:\/\/stephaniewalter.design\/fr\/wp-json\/wp\/v2\/types\/page"}],"author":[{"embeddable":true,"href":"https:\/\/stephaniewalter.design\/fr\/wp-json\/wp\/v2\/users\/3"}],"replies":[{"embeddable":true,"href":"https:\/\/stephaniewalter.design\/fr\/wp-json\/wp\/v2\/comments?post=7665"}],"version-history":[{"count":8,"href":"https:\/\/stephaniewalter.design\/fr\/wp-json\/wp\/v2\/pages\/7665\/revisions"}],"predecessor-version":[{"id":8574,"href":"https:\/\/stephaniewalter.design\/fr\/wp-json\/wp\/v2\/pages\/7665\/revisions\/8574"}],"wp:featuredmedia":[{"embeddable":true,"href":"https:\/\/stephaniewalter.design\/fr\/wp-json\/wp\/v2\/media\/8655"}],"wp:attachment":[{"href":"https:\/\/stephaniewalter.design\/fr\/wp-json\/wp\/v2\/media?parent=7665"}],"curies":[{"name":"wp","href":"https:\/\/api.w.org\/{rel}","templated":true}]}}